{"id":987564288,"date":"2024-03-19T13:01:25","date_gmt":"2024-03-19T13:01:25","guid":{"rendered":"https:\/\/www.werdenfelserei.de\/?page_id=987564288"},"modified":"2026-02-05T18:48:08","modified_gmt":"2026-02-05T18:48:08","slug":"kitchen-party","status":"publish","type":"page","link":"https:\/\/www.werdenfelserei.de\/en\/events\/kitchen-party\/","title":{"rendered":"Kitchen party"},"content":{"rendered":"<p>[et_pb_section fb_built=&#8221;1&#8243; admin_label=&#8221;Header&#8221; _builder_version=&#8221;4.24.0&#8243; _module_preset=&#8221;default&#8221; use_background_color_gradient=&#8221;on&#8221; background_color_gradient_stops=&#8221;rgba(57,57,57,0.78) 0%|rgba(255,255,255,0) 39%&#8221; background_color_gradient_overlays_image=&#8221;on&#8221; background_image=&#8221;https:\/\/www.werdenfelserei.de\/wp-content\/uploads\/2023\/09\/werdenfelserei-kulinarik-image00017-betterexploretogether-min-scaled.jpeg&#8221; background_position=&#8221;bottom_center&#8221; background_vertical_offset=&#8221;30%&#8221; module_alignment=&#8221;center&#8221; min_height=&#8221;400px&#8221; height=&#8221;100vh&#8221; global_colors_info=&#8221;{}&#8221;][\/et_pb_section][et_pb_section fb_built=&#8221;1&#8243; admin_label=&#8221;Angebote &#038; Pauschalen&#8221; _builder_version=&#8221;4.27.5&#8243; _module_preset=&#8221;default&#8221; background_color=&#8221;RGBA(255,255,255,0)&#8221; background_enable_image=&#8221;off&#8221; background_size=&#8221;custom&#8221; background_image_width=&#8221;16%&#8221; background_image_height=&#8221;0%&#8221; background_position=&#8221;bottom_left&#8221; background_horizontal_offset=&#8221;40%&#8221; background_vertical_offset=&#8221;32%&#8221; max_width=&#8221;100%&#8221; module_alignment=&#8221;center&#8221; custom_margin=&#8221;0px||||false|false&#8221; custom_padding=&#8221;20px||||false|false&#8221; hover_enabled=&#8221;0&#8243; collapsed=&#8221;on&#8221; global_colors_info=&#8221;{}&#8221; sticky_enabled=&#8221;0&#8243;][et_pb_row _builder_version=&#8221;4.23.1&#8243; _module_preset=&#8221;default&#8221; width=&#8221;100%&#8221; max_width=&#8221;60%&#8221; max_width_tablet=&#8221;80%&#8221; max_width_phone=&#8221;80%&#8221; max_width_last_edited=&#8221;on|phone&#8221; global_colors_info=&#8221;{}&#8221;][et_pb_column type=&#8221;4_4&#8243; _builder_version=&#8221;4.21.0&#8243; _module_preset=&#8221;default&#8221; global_colors_info=&#8221;{}&#8221;][dsm_breadcrumbs home_text=&#8221;Home&#8221; show_home_icon=&#8221;off&#8221; separator_icon=&#8221;&#x35;||divi||400&#8243; align=&#8221;center&#8221; items_bg_color=&#8221;RGBA(255,255,255,0)&#8221; _builder_version=&#8221;4.24.0&#8243; _module_preset=&#8221;default&#8221; items_font=&#8221;Marat Sans Thin||||||||&#8221; items_text_color=&#8221;#393939&#8243; items_font_size=&#8221;14px&#8221; separators_text_color=&#8221;#393939&#8243; separators_font_size=&#8221;15px&#8221; current_font=&#8221;Marat Sans Thin||||||||&#8221; current_text_color=&#8221;#393939&#8243; current_font_size=&#8221;14px&#8221; border_color_all_items=&#8221;RGBA(255,255,255,0)&#8221; global_colors_info=&#8221;{}&#8221;][\/dsm_breadcrumbs][et_pb_text _builder_version=&#8221;4.24.2&#8243; _module_preset=&#8221;820dfff7-629c-45a9-91eb-3b568a9f241f&#8221; text_font=&#8221;Marat Sans Light||||||||&#8221; header_font=&#8221;||||||||&#8221; header_text_align=&#8221;left&#8221; header_font_size=&#8221;50px&#8221; header_2_font=&#8221;||||||||&#8221; header_2_text_align=&#8221;center&#8221; header_2_font_size=&#8221;50px&#8221; header_2_line_height=&#8221;1.4em&#8221; custom_margin=&#8221;||-7px|||&#8221; header_2_font_size_tablet=&#8221;50px&#8221; header_2_font_size_phone=&#8221;40px&#8221; header_2_font_size_last_edited=&#8221;on|tablet&#8221; locked=&#8221;off&#8221; global_colors_info=&#8221;{}&#8221; header_2_font_size__hover_enabled=&#8221;on|desktop&#8221; header_2_font_size__hover=&#8221;50px&#8221;]<\/p>\n<h2>Kitchen party<\/h2>\n<p>[\/et_pb_text][\/et_pb_column][\/et_pb_row][et_pb_row _builder_version=&#8221;4.23.1&#8243; _module_preset=&#8221;default&#8221; width=&#8221;100%&#8221; max_width=&#8221;60%&#8221; max_width_tablet=&#8221;80%&#8221; max_width_phone=&#8221;80%&#8221; max_width_last_edited=&#8221;on|tablet&#8221; custom_padding=&#8221;||0px|||&#8221; global_colors_info=&#8221;{}&#8221;][et_pb_column type=&#8221;4_4&#8243; _builder_version=&#8221;4.21.0&#8243; _module_preset=&#8221;default&#8221; global_colors_info=&#8221;{}&#8221;][et_pb_text _builder_version=&#8221;4.27.4&#8243; _module_preset=&#8221;5611e52d-b3bf-4b05-81e4-e9ddade2e17b&#8221; text_font=&#8221;||||||||&#8221; text_text_color=&#8221;#393939&#8243; text_font_size=&#8221;20px&#8221; text_line_height=&#8221;1.4em&#8221; link_font=&#8221;||||||||&#8221; link_text_color=&#8221;#393939&#8243; header_3_font=&#8221;||||||||&#8221; header_3_font_size=&#8221;25px&#8221; text_orientation=&#8221;center&#8221; text_font_size_phone=&#8221;16px&#8221; global_colors_info=&#8221;{}&#8221;]<\/p>\n<p>Die K\u00fcchenparty in der Werdenfelserei ist das kulinarische Erlebnis f\u00fcr alle Gourmets unter euch. Mit sehr viel Liebe zum Detail bereitet unser K\u00fcchenchef und sein Team individuell kreierte Speisen zu und ihr seid hautnah mit dabei und k\u00f6nnt dem K\u00fcchenteam bei ihrer Arbeit \u00fcber die Schulter schauen. Die ideale Gelegenheit sich ganz ungezwungen mit unseren kreativen K\u00f6chen \u00fcber die Kulinarik auszutauschen.<\/p>\n<p>Sichert euch euer<span>\u00a0<\/span><a href=\"https:\/\/www.werdenfelserei.de\/gutscheine\/?gotocat=25\">Ticket f\u00fcr die K\u00fcchenparty online<\/a><span>\u00a0<\/span>oder telefonisch unter<span>\u00a0<\/span><a href=\"tel:+4988216869390\">+49 8821 6869390<\/a>. Die K\u00fcchenparty ist buchbar f\u00fcr Hausg\u00e4ste wie auch f\u00fcr externe G\u00e4ste, mit vorheriger Reservierung.<\/p>\n<h3>Termine 2025<\/h3>\n<p><span>28. Dezember 2025<\/span><\/p>\n<p><em><span style=\"color: #993300;\">&#8211; Termin ist bereits komplett ausgebucht &#8211;<\/span><\/em><span><\/span><\/p>\n<p><span><\/span><\/p>\n<p>[\/et_pb_text][\/et_pb_column][\/et_pb_row][et_pb_row column_structure=&#8221;1_2,1_2&#8243; use_custom_gutter=&#8221;on&#8221; gutter_width=&#8221;2&#8243; make_equal=&#8221;on&#8221; _builder_version=&#8221;4.24.0&#8243; _module_preset=&#8221;default&#8221; width=&#8221;100%&#8221; max_width=&#8221;60%&#8221; max_width_tablet=&#8221;80%&#8221; max_width_phone=&#8221;80%&#8221; max_width_last_edited=&#8221;on|tablet&#8221; custom_margin=&#8221;0px||0px||false|false&#8221; custom_padding=&#8221;100px||0px||false|false&#8221; global_colors_info=&#8221;{}&#8221;][et_pb_column type=&#8221;1_2&#8243; _builder_version=&#8221;4.21.0&#8243; _module_preset=&#8221;default&#8221; global_colors_info=&#8221;{}&#8221;][et_pb_text _builder_version=&#8221;4.27.4&#8243; _module_preset=&#8221;fa38d210-0bca-4d7a-85a5-d60cb12d1b27&#8243; text_font=&#8221;||||||||&#8221; text_text_color=&#8221;#393939&#8243; text_font_size=&#8221;20px&#8221; text_line_height=&#8221;2em&#8221; ul_line_height=&#8221;1.4em&#8221; header_3_font=&#8221;MaratSans Medium||||||||&#8221; header_3_text_color=&#8221;#393939&#8243; header_3_font_size=&#8221;42px&#8221; custom_margin=&#8221;||10px||false|false&#8221; locked=&#8221;off&#8221; global_colors_info=&#8221;{}&#8221;]<\/p>\n<ul><\/ul>\n<p><span>\u300bvon <\/span>18:30 bis 22:00 Uhr durch die unterschiedlichen Stationen schlemmen<br \/><span>\u300b<\/span>inkl. aller angebotenen Speisen<br \/><span>\u300binkl. Aperitif<br \/>\u300b<\/span><span>inkl. <\/span>ausgew\u00e4hlter Weine &amp; Biere<br \/><span>\u300binkl.<\/span> alkoholfreie Getr\u00e4nke<\/p>\n<h3>118,00 EUR pro Person<\/h3>\n<p>[\/et_pb_text][et_pb_button button_text=&#8221;Tickets available in abbreviations&#8221; button_alignment=&#8221;left&#8221; disabled_on=&#8221;on|on|on&#8221; _builder_version=&#8221;4.27.4&#8243; _module_preset=&#8221;default&#8221; custom_button=&#8221;on&#8221; button_text_color=&#8221;#393939&#8243; button_bg_color=&#8221;#D0CABE&#8221; button_border_width=&#8221;1px&#8221; button_border_color=&#8221;#D0CABE&#8221; button_border_radius=&#8221;2px&#8221; button_font=&#8221;||||||||&#8221; button_icon=&#8221;&#x4b;||divi||400&#8243; custom_margin=&#8221;||50px||false|false&#8221; custom_padding=&#8221;||||false|false&#8221; animation_style=&#8221;slide&#8221; disabled=&#8221;on&#8221; global_colors_info=&#8221;{}&#8221; button_bg_color__hover_enabled=&#8221;on|hover&#8221; button_border_color__hover_enabled=&#8221;on|desktop&#8221; button_border_color__hover=&#8221;#D0CABE&#8221; button_bg_color__hover=&#8221;#D0CABE&#8221;][\/et_pb_button][et_pb_button button_url=&#8221;https:\/\/www.werdenfelserei.de\/en\/vouchers\/?gotocat=25&#8243; button_text=&#8221;Book ticket&#8221; button_alignment=&#8221;left&#8221; disabled_on=&#8221;on|on|on&#8221; _builder_version=&#8221;4.24.2&#8243; _module_preset=&#8221;default&#8221; custom_button=&#8221;on&#8221; button_text_color=&#8221;#393939&#8243; button_bg_color=&#8221;#D0CABE&#8221; button_border_width=&#8221;1px&#8221; button_border_color=&#8221;#D0CABE&#8221; button_border_radius=&#8221;2px&#8221; button_font=&#8221;||||||||&#8221; button_icon=&#8221;&#x4b;||divi||400&#8243; custom_margin=&#8221;||50px||false|false&#8221; custom_padding=&#8221;||||false|false&#8221; animation_style=&#8221;slide&#8221; disabled=&#8221;on&#8221; global_colors_info=&#8221;{}&#8221; button_bg_color__hover_enabled=&#8221;on|hover&#8221; button_border_color__hover_enabled=&#8221;on|desktop&#8221; button_border_color__hover=&#8221;#D0CABE&#8221; button_bg_color__hover=&#8221;#D0CABE&#8221;][\/et_pb_button][et_pb_image src=&#8221;https:\/\/www.werdenfelserei.de\/wp-content\/uploads\/2024\/02\/Werdenferserei-Photographer-Lehotska-321.jpg&#8221; title_text=&#8221;Will be transferred \/ November 2023&#8243; _builder_version=&#8221;4.24.0&#8243; _module_preset=&#8221;default&#8221; global_colors_info=&#8221;{}&#8221;][\/et_pb_image][\/et_pb_column][et_pb_column type=&#8221;1_2&#8243; _builder_version=&#8221;4.24.0&#8243; _module_preset=&#8221;default&#8221; background_image=&#8221;https:\/\/www.werdenfelserei.de\/wp-content\/uploads\/2023\/09\/werdenfelserei-kulinarik-image00014-betterexploretogether-min-scaled.jpeg&#8221; global_colors_info=&#8221;{}&#8221;][et_pb_text _builder_version=&#8221;4.24.0&#8243; _module_preset=&#8221;default&#8221; min_height=&#8221;450px&#8221; global_colors_info=&#8221;{}&#8221;][\/et_pb_text][\/et_pb_column][\/et_pb_row][\/et_pb_section][et_pb_section fb_built=&#8221;1&#8243; admin_label=&#8221;Latest Collection&#8221; _builder_version=&#8221;4.23.1&#8243; _module_preset=&#8221;default&#8221; background_color=&#8221;#F5F3EE&#8221; overflow-x=&#8221;hidden&#8221; overflow-y=&#8221;hidden&#8221; global_module=&#8221;245797&#8243; saved_tabs=&#8221;all&#8221; collapsed=&#8221;on&#8221; global_colors_info=&#8221;{}&#8221;][et_pb_row column_structure=&#8221;2_3,1_3&#8243; _builder_version=&#8221;4.24.0&#8243; _module_preset=&#8221;default&#8221; width=&#8221;100%&#8221; max_width=&#8221;60%&#8221; global_colors_info=&#8221;{}&#8221;][et_pb_column type=&#8221;2_3&#8243; _builder_version=&#8221;4.21.0&#8243; _module_preset=&#8221;default&#8221; global_colors_info=&#8221;{}&#8221;][et_pb_text _builder_version=&#8221;4.24.2&#8243; _module_preset=&#8221;fbf77d94-00e1-4a13-b8f5-259180e91e4d&#8221; header_2_font=&#8221;||||||||&#8221; header_2_text_color=&#8221;#393939&#8243; header_2_font_size=&#8221;50px&#8221; custom_margin=&#8221;||||false|false&#8221; custom_padding=&#8221;||||false|false&#8221; global_colors_info=&#8221;{}&#8221;]<\/p>\n<h2>Further events<\/h2>\n<p>[\/et_pb_text][\/et_pb_column][et_pb_column type=&#8221;1_3&#8243; _builder_version=&#8221;4.21.0&#8243; _module_preset=&#8221;default&#8221; global_colors_info=&#8221;{}&#8221;][et_pb_button button_url=&#8221;@ET-DC@eyJkeW5hbWljIjp0cnVlLCJjb250ZW50IjoicG9zdF9saW5rX3VybF9wYWdlIiwic2V0dGluZ3MiOnsicG9zdF9pZCI6IjMyNzA0In19@&#8221; button_text=&#8221;To the events&#8221; button_alignment=&#8221;right&#8221; _builder_version=&#8221;4.24.2&#8243; _dynamic_attributes=&#8221;button_url&#8221; _module_preset=&#8221;default&#8221; custom_button=&#8221;on&#8221; button_text_color=&#8221;#393939&#8243; button_bg_color=&#8221;RGBA(255,255,255,0)&#8221; button_border_width=&#8221;0px&#8221; button_font=&#8221;|600|||||||&#8221; button_icon=&#8221;&#x4b;||divi||400&#8243; button_icon_color=&#8221;#393939&#8243; custom_padding=&#8221;20px||||false|false&#8221; global_colors_info=&#8221;{}&#8221; button_bg_color__hover_enabled=&#8221;on|desktop&#8221; button_bg_color__hover=&#8221;RGBA(255,255,255,0)&#8221;][\/et_pb_button][\/et_pb_column][\/et_pb_row][\/et_pb_section]<\/p>\n","protected":false},"excerpt":{"rendered":"<p><div class=\"et_pb_with_border et_pb_module dsm_breadcrumbs dsm_breadcrumbs_0\">\n\t\t\t\t\n\t\t\t\t\n\t\t\t\t\n\t\t\t\t\n\t\t\t\t\n\t\t\t\t\n\t\t\t\t<div class=\"et_pb_module_inner\">\n\t\t\t\t\t<nav class=\"dsm_breadcrumbs_wrap\">\n\t\t\t\t<ul class=\"dsm_breadcrumbs\" itemscope itemtype=\"https:\/\/schema.org\/BreadcrumbList\">\t\t\t<li class=\"dsm_breadcrumbs_item dsm_home_item dsm_home_item_custom\" itemprop=\"itemListElement\" itemscope\n\t\t\titemtype=\"https:\/\/schema.org\/ListItem\">\n\t\t\t\t<a href=\"https:\/\/www.werdenfelserei.de\/en\/\" itemprop=\"item\" target=\"\">\n\t\t\t\t\t<span class='dsm_home_text_wrapper'>\n\t\t\t\t\t\t\t\t\t\t\t\t\t<span class=\"dsm_home_text\" itemprop=\"name\">\n\t\t\t\t\t\t\t\tHome\t\t\t\t\t\t\t<\/span>\n\t\t\t\t\t<\/span>\n\t\t\t\t<\/a>\n\t\t\t\t<meta itemprop=\"position\" content=\"1\" \/>\n\t\t\t<\/li>\n\n\t\t<li class=\"dsm_breadcrumbs_separator\"> <span class=\"et-pb-icon dsm_separator_icon\">&#x35;<\/span><\/li><\/ul>\n\t\t\t<\/nav>\n\t\t\t\t<\/div>\n\t\t\t<\/div>Kitchen partyDie K\u00fcchenparty in der Werdenfelserei ist das kulinarische Erlebnis f\u00fcr alle Gourmets unter euch. Mit sehr viel Liebe zum Detail bereitet unser K\u00fcchenchef und sein Team individuell kreierte Speisen zu und ihr seid hautnah mit dabei und k\u00f6nnt dem K\u00fcchenteam bei ihrer Arbeit \u00fcber die Schulter schauen. Die ideale Gelegenheit sich ganz ungezwungen mit unseren kreativen K\u00f6chen \u00fcber die Kulinarik auszutauschen. Sichert euch euer\u00a0Ticket f\u00fcr die K\u00fcchenparty online\u00a0oder telefonisch unter\u00a0+49 8821 6869390. Die K\u00fcchenparty ist buchbar f\u00fcr Hausg\u00e4ste wie auch f\u00fcr externe G\u00e4ste, mit vorheriger Reservierung. Termine 2025 28. Dezember 2025 &#8211; Termin ist bereits komplett ausgebucht &#8211; \u300bvon 18:30 bis 22:00 Uhr durch die unterschiedlichen Stationen schlemmen\u300binkl. aller angebotenen Speisen\u300binkl. Aperitif\u300binkl. ausgew\u00e4hlter Weine &amp; Biere\u300binkl. alkoholfreie Getr\u00e4nke 118,00 EUR pro PersonFurther events<\/p>\n","protected":false},"author":1,"featured_media":0,"parent":987564279,"menu_order":0,"comment_status":"closed","ping_status":"closed","template":"","meta":{"_et_pb_use_builder":"on","_et_pb_old_content":"","_et_gb_content_width":"","footnotes":""},"class_list":["post-987564288","page","type-page","status-publish","hentry"],"_links":{"self":[{"href":"https:\/\/www.werdenfelserei.de\/en\/wp-json\/wp\/v2\/pages\/987564288","targetHints":{"allow":["GET"]}}],"collection":[{"href":"https:\/\/www.werdenfelserei.de\/en\/wp-json\/wp\/v2\/pages"}],"about":[{"href":"https:\/\/www.werdenfelserei.de\/en\/wp-json\/wp\/v2\/types\/page"}],"author":[{"embeddable":true,"href":"https:\/\/www.werdenfelserei.de\/en\/wp-json\/wp\/v2\/users\/1"}],"replies":[{"embeddable":true,"href":"https:\/\/www.werdenfelserei.de\/en\/wp-json\/wp\/v2\/comments?post=987564288"}],"version-history":[{"count":83,"href":"https:\/\/www.werdenfelserei.de\/en\/wp-json\/wp\/v2\/pages\/987564288\/revisions"}],"predecessor-version":[{"id":987573968,"href":"https:\/\/www.werdenfelserei.de\/en\/wp-json\/wp\/v2\/pages\/987564288\/revisions\/987573968"}],"up":[{"embeddable":true,"href":"https:\/\/www.werdenfelserei.de\/en\/wp-json\/wp\/v2\/pages\/987564279"}],"wp:attachment":[{"href":"https:\/\/www.werdenfelserei.de\/en\/wp-json\/wp\/v2\/media?parent=987564288"}],"curies":[{"name":"wp","href":"https:\/\/api.w.org\/{rel}","templated":true}]}}