{"id":987564507,"date":"2024-03-19T19:56:56","date_gmt":"2024-03-19T19:56:56","guid":{"rendered":"https:\/\/www.werdenfelserei.de\/?page_id=987564507"},"modified":"2026-01-21T19:07:24","modified_gmt":"2026-01-21T19:07:24","slug":"feuer-suite-copy","status":"publish","type":"page","link":"https:\/\/www.werdenfelserei.de\/en\/rooms-suites\/feuer-suite-copy\/","title":{"rendered":"Fire Suite"},"content":{"rendered":"<p>[et_pb_section fb_built=&#8221;1&#8243; admin_label=&#8221;Header&#8221; module_class=&#8221;kb-zoomin&#8221; _builder_version=&#8221;4.24.0&#8243; _module_preset=&#8221;default&#8221; use_background_color_gradient=&#8221;on&#8221; background_color_gradient_stops=&#8221;rgba(57,57,57,0.78) 0%|rgba(255,255,255,0) 39%&#8221; background_color_gradient_overlays_image=&#8221;on&#8221; background_image=&#8221;https:\/\/www.werdenfelserei.de\/wp-content\/uploads\/2024\/03\/202403-werdenfelserei-suite-feuer-13-min.jpg&#8221; background_position=&#8221;bottom_center&#8221; background_vertical_offset=&#8221;23%&#8221; module_alignment=&#8221;center&#8221; min_height=&#8221;400px&#8221; height=&#8221;100vh&#8221; global_colors_info=&#8221;{}&#8221;][\/et_pb_section][et_pb_section fb_built=&#8221;1&#8243; admin_label=&#8221;\u00d6ffnungszeiten Wellness&#8221; _builder_version=&#8221;4.24.0&#8243; _module_preset=&#8221;default&#8221; background_color=&#8221;#f5f3ee&#8221; background_enable_image=&#8221;off&#8221; background_size=&#8221;custom&#8221; background_image_width=&#8221;16%&#8221; background_image_height=&#8221;0%&#8221; background_position=&#8221;bottom_left&#8221; background_horizontal_offset=&#8221;40%&#8221; background_vertical_offset=&#8221;32%&#8221; max_width=&#8221;100%&#8221; module_alignment=&#8221;center&#8221; custom_margin=&#8221;0px||0px||false|false&#8221; custom_padding=&#8221;50px||50px||false|false&#8221; collapsed=&#8221;on&#8221; global_colors_info=&#8221;{}&#8221;][et_pb_row _builder_version=&#8221;4.23.1&#8243; _module_preset=&#8221;default&#8221; width=&#8221;100%&#8221; max_width=&#8221;60%&#8221; max_width_tablet=&#8221;80%&#8221; max_width_phone=&#8221;80%&#8221; max_width_last_edited=&#8221;on|tablet&#8221; global_colors_info=&#8221;{}&#8221;][et_pb_column type=&#8221;4_4&#8243; _builder_version=&#8221;4.21.0&#8243; _module_preset=&#8221;default&#8221; global_colors_info=&#8221;{}&#8221;][et_pb_text _builder_version=&#8221;4.24.2&#8243; _module_preset=&#8221;820dfff7-629c-45a9-91eb-3b568a9f241f&#8221; text_font=&#8221;Marat Sans Light||||||||&#8221; header_font=&#8221;||||||||&#8221; header_text_align=&#8221;center&#8221; header_font_size=&#8221;50px&#8221; header_2_font=&#8221;||||||||&#8221; header_2_text_align=&#8221;left&#8221; header_2_font_size=&#8221;50px&#8221; header_2_line_height=&#8221;1.4em&#8221; custom_margin=&#8221;||-7px|||&#8221; header_2_font_size_tablet=&#8221;50px&#8221; header_2_font_size_phone=&#8221;40px&#8221; header_2_font_size_last_edited=&#8221;on|phone&#8221; locked=&#8221;off&#8221; global_colors_info=&#8221;{}&#8221;]<\/p>\n<h2>Feuer Suite<\/h2>\n<p>[\/et_pb_text][\/et_pb_column][\/et_pb_row][et_pb_row _builder_version=&#8221;4.24.0&#8243; _module_preset=&#8221;default&#8221; width=&#8221;100%&#8221; max_width=&#8221;60%&#8221; max_width_tablet=&#8221;80%&#8221; max_width_phone=&#8221;80%&#8221; max_width_last_edited=&#8221;on|tablet&#8221; custom_padding=&#8221;0px||0px||false|false&#8221; global_colors_info=&#8221;{}&#8221;][et_pb_column type=&#8221;4_4&#8243; _builder_version=&#8221;4.21.0&#8243; _module_preset=&#8221;default&#8221; global_colors_info=&#8221;{}&#8221;][et_pb_text _builder_version=&#8221;4.24.2&#8243; _module_preset=&#8221;5611e52d-b3bf-4b05-81e4-e9ddade2e17b&#8221; text_font=&#8221;Marat Sans Thin||||||||&#8221; text_text_color=&#8221;#393939&#8243; text_font_size=&#8221;20px&#8221; text_line_height=&#8221;1.4em&#8221; link_font=&#8221;Marat Sans Light||||||||&#8221; link_text_color=&#8221;#393939&#8243; header_3_font=&#8221;||||||||&#8221; header_3_text_align=&#8221;left&#8221; header_3_font_size=&#8221;25px&#8221; text_orientation=&#8221;center&#8221; text_font_size_tablet=&#8221;20px&#8221; text_font_size_phone=&#8221;16px&#8221; text_font_size_last_edited=&#8221;on|tablet&#8221; global_colors_info=&#8221;{}&#8221;]<\/p>\n<h3>2-4 Personen | 60m\u00b2 Zimmergr\u00f6\u00dfe | Balkon | Kamin<\/h3>\n<p>[\/et_pb_text][et_pb_text _builder_version=&#8221;4.24.2&#8243; _module_preset=&#8221;5611e52d-b3bf-4b05-81e4-e9ddade2e17b&#8221; text_font=&#8221;||||||||&#8221; text_text_color=&#8221;#393939&#8243; text_font_size=&#8221;20px&#8221; text_line_height=&#8221;1.4em&#8221; link_font=&#8221;Marat Sans Light||||||||&#8221; link_text_color=&#8221;#393939&#8243; header_3_font=&#8221;Marat Sans Medium||||||||&#8221; text_font_size_tablet=&#8221;20px&#8221; text_font_size_phone=&#8221;16px&#8221; text_font_size_last_edited=&#8221;on|tablet&#8221; global_colors_info=&#8221;{}&#8221;]<\/p>\n<p>Eine flackernde gelbe Flamme auf roter Glut. Man lauscht dem Knistern. Romantik pur! Und genau das bietet unsere Feuer Suite. Auf 60m\u00b2 kann man es sich gem\u00fctlich machen. Vom gro\u00dfen King Size Bett hat man direkten Blick auf den Kamin. Eine gem\u00fctliche Sitzecke mit Tee- und Nespressobar und ein 14m\u00b2 gro\u00dfer Balkon mit Blick in den Michael-Ende-Kurpark werden durch ein gro\u00dfz\u00fcgiges offenes Bad mit Regendusche und freistehender Badewanne erg\u00e4nzt. Ein separates kuscheliges Schlafzimmer bietet Platz f\u00fcr eine dritte oder auch vierte Person. Diese Suite ist perfekt zu zweit, mit Freunden oder Familie.<\/p>\n<p>[\/et_pb_text][\/et_pb_column][\/et_pb_row][et_pb_row _builder_version=&#8221;4.24.0&#8243; _module_preset=&#8221;default&#8221; width=&#8221;100%&#8221; max_width=&#8221;60%&#8221; max_width_tablet=&#8221;80%&#8221; max_width_phone=&#8221;80%&#8221; max_width_last_edited=&#8221;on|tablet&#8221; custom_padding=&#8221;30px||0px||false|false&#8221; global_colors_info=&#8221;{}&#8221;][et_pb_column type=&#8221;4_4&#8243; _builder_version=&#8221;4.21.0&#8243; _module_preset=&#8221;default&#8221; global_colors_info=&#8221;{}&#8221;][et_pb_text _builder_version=&#8221;4.24.2&#8243; _module_preset=&#8221;5611e52d-b3bf-4b05-81e4-e9ddade2e17b&#8221; text_font=&#8221;||||||||&#8221; text_text_color=&#8221;#393939&#8243; text_font_size=&#8221;20px&#8221; text_line_height=&#8221;1.4em&#8221; link_font=&#8221;Marat Sans Light||||||||&#8221; link_text_color=&#8221;#393939&#8243; header_3_font=&#8221;Marat Sans Medium||||||||&#8221; text_font_size_tablet=&#8221;20px&#8221; text_font_size_phone=&#8221;16px&#8221; text_font_size_last_edited=&#8221;on|tablet&#8221; global_colors_info=&#8221;{}&#8221;]<\/p>\n<p><span>\u300bBalkon zum Park<br \/>\u300b<\/span><span>gem\u00fctlicher<\/span> Wohnbereich mit Eckbankgruppe<br \/><span>\u300b<\/span>Kamin mit Brennholz &#8211; <span>nutzbar von September bis Mai<\/span><br \/><span>\u300b<\/span>Trinkbrunnen mit Granderwasser<br \/><span>\u300b<\/span>Essbar mit Minibar &amp; Teebar<br \/><span>\u300bNespressomaschine<\/span><br \/><span>\u300b<\/span>BOSE Musikanlage<br \/><span>\u300bInnenliegendes z<\/span>weites Schlafzimmer mit Doppelbett (140x200cm)<br \/><span>\u300b<\/span>halboffenes Badkonzept mit Regendusche, freistehender Badewanne &amp; separatem WC<span><br \/>\u300b<\/span>King Size Bett (200x220cm)<span><br \/><\/span><\/p>\n<p>&nbsp;<\/p>\n<p><strong>In der Werdenfelserei ist eine Grundwasserw\u00e4rmepumpe installiert, die im Sommer alle Studios &amp; Suiten sowie die G\u00e4stezimmer klimatisiert und im Winter heizt.<\/strong><\/p>\n<p>[\/et_pb_text][\/et_pb_column][\/et_pb_row][et_pb_row column_structure=&#8221;1_2,1_2&#8243; use_custom_gutter=&#8221;on&#8221; gutter_width=&#8221;2&#8243; _builder_version=&#8221;4.24.0&#8243; _module_preset=&#8221;default&#8221; width=&#8221;100%&#8221; max_width=&#8221;80%&#8221; max_width_tablet=&#8221;60%&#8221; max_width_phone=&#8221;80%&#8221; max_width_last_edited=&#8221;on|phone&#8221; custom_margin=&#8221;0px||0px||false|false&#8221; custom_padding=&#8221;100px||0px||false|false&#8221; global_colors_info=&#8221;{}&#8221;][et_pb_column type=&#8221;1_2&#8243; _builder_version=&#8221;4.21.0&#8243; _module_preset=&#8221;default&#8221; global_colors_info=&#8221;{}&#8221;][et_pb_image src=&#8221;https:\/\/www.werdenfelserei.de\/wp-content\/uploads\/2024\/03\/202403-werdenfelserei-suite-feuer-5-min.jpg&#8221; title_text=&#8221;202403-werdenfelserei-suite-feuer-5-min&#8221; _builder_version=&#8221;4.24.0&#8243; _module_preset=&#8221;default&#8221; global_colors_info=&#8221;{}&#8221;][\/et_pb_image][et_pb_image src=&#8221;https:\/\/www.werdenfelserei.de\/wp-content\/uploads\/2024\/03\/202403-werdenfelserei-suite-feuer-90-min.jpg&#8221; title_text=&#8221;202403-werdenfelserei-suite-feuer-90-min&#8221; _builder_version=&#8221;4.24.0&#8243; _module_preset=&#8221;default&#8221; global_colors_info=&#8221;{}&#8221;][\/et_pb_image][et_pb_image src=&#8221;https:\/\/www.werdenfelserei.de\/wp-content\/uploads\/2024\/03\/202403-werdenfelserei-suite-feuer-7-min.jpg&#8221; title_text=&#8221;202403-werdenfelserei-suite-feuer-7-min&#8221; _builder_version=&#8221;4.24.0&#8243; _module_preset=&#8221;default&#8221; global_colors_info=&#8221;{}&#8221;][\/et_pb_image][\/et_pb_column][et_pb_column type=&#8221;1_2&#8243; _builder_version=&#8221;4.21.0&#8243; _module_preset=&#8221;default&#8221; global_colors_info=&#8221;{}&#8221;][et_pb_image src=&#8221;https:\/\/www.werdenfelserei.de\/wp-content\/uploads\/2024\/03\/202403-werdenfelserei-suite-feuer-11-min.jpg&#8221; title_text=&#8221;202403-werdenfelserei-suite-feuer-11-min&#8221; _builder_version=&#8221;4.24.0&#8243; _module_preset=&#8221;default&#8221; global_colors_info=&#8221;{}&#8221;][\/et_pb_image][et_pb_image src=&#8221;https:\/\/www.werdenfelserei.de\/wp-content\/uploads\/2024\/03\/202403-werdenfelserei-suite-feuer-16-min.jpg&#8221; title_text=&#8221;202403-werdenfelserei-suite-feuer-16-min&#8221; _builder_version=&#8221;4.24.0&#8243; _module_preset=&#8221;default&#8221; global_colors_info=&#8221;{}&#8221;][\/et_pb_image][et_pb_image src=&#8221;https:\/\/www.werdenfelserei.de\/wp-content\/uploads\/2024\/03\/202403-werdenfelserei-grundriss-zimmer-feuer-suite.jpg&#8221; title_text=&#8221;202403-werdenfelserei-grundriss-zimmer-feuer-suite&#8221; _builder_version=&#8221;4.24.0&#8243; _module_preset=&#8221;default&#8221; global_colors_info=&#8221;{}&#8221;][\/et_pb_image][\/et_pb_column][\/et_pb_row][\/et_pb_section][et_pb_section fb_built=&#8221;1&#8243; admin_label=&#8221;Massagen&#8221; module_id=&#8221;massagen&#8221; module_class=&#8221;massagen&#8221; _builder_version=&#8221;4.22.1&#8243; _module_preset=&#8221;default&#8221; background_color=&#8221;#F5F3EE&#8221; global_module=&#8221;245489&#8243; global_colors_info=&#8221;{}&#8221;][et_pb_row _builder_version=&#8221;4.22.1&#8243; _module_preset=&#8221;default&#8221; max_width=&#8221;70%&#8221; global_colors_info=&#8221;{}&#8221;][et_pb_column type=&#8221;4_4&#8243; _builder_version=&#8221;4.22.1&#8243; _module_preset=&#8221;default&#8221; global_colors_info=&#8221;{}&#8221;][et_pb_text _builder_version=&#8221;4.24.2&#8243; _module_preset=&#8221;aac0295c-f84b-490d-b20b-44e5cd479d2a&#8221; text_font=&#8221;Marat Sans Light||||||||&#8221; text_font_size=&#8221;18px&#8221; header_2_font=&#8221;||||||||&#8221; header_2_font_size=&#8221;40px&#8221; header_3_font=&#8221;Marat Sans Light|||on|||||&#8221; header_3_font_size=&#8221;50px&#8221; text_orientation=&#8221;center&#8221; custom_margin=&#8221;||-1px|||&#8221; global_colors_info=&#8221;{}&#8221;]<\/p>\n<h2>Gut zu wissen<\/h2>\n<p>[\/et_pb_text][\/et_pb_column][\/et_pb_row][et_pb_row column_structure=&#8221;1_4,1_4,1_4,1_4&#8243; _builder_version=&#8221;4.24.0&#8243; _module_preset=&#8221;default&#8221; max_width=&#8221;80%&#8221; global_colors_info=&#8221;{}&#8221;][et_pb_column type=&#8221;1_4&#8243; _builder_version=&#8221;4.22.1&#8243; _module_preset=&#8221;default&#8221; global_colors_info=&#8221;{}&#8221;][et_pb_button button_url=&#8221;@ET-DC@eyJkeW5hbWljIjp0cnVlLCJjb250ZW50IjoicG9zdF9saW5rX3VybF9wYWdlIiwic2V0dGluZ3MiOnsicG9zdF9pZCI6IjI0MzIxMiIsImVuYWJsZV9odG1sIjoib2ZmIn19@&#8221; button_text=&#8221;Inklusivleistungen&#8221; button_alignment=&#8221;center&#8221; _builder_version=&#8221;4.24.3&#8243; _dynamic_attributes=&#8221;button_url&#8221; _module_preset=&#8221;default&#8221; custom_button=&#8221;on&#8221; button_text_color=&#8221;#393939&#8243; button_bg_color=&#8221;RGBA(255,255,255,0)&#8221; button_border_width=&#8221;0px&#8221; button_font=&#8221;|600|||||||&#8221; button_icon=&#8221;&#x4b;||divi||400&#8243; button_icon_color=&#8221;#393939&#8243; global_colors_info=&#8221;{}&#8221; button_bg_color__hover_enabled=&#8221;on|desktop&#8221; button_bg_color__hover=&#8221;RGBA(255,255,255,0)&#8221;][\/et_pb_button][\/et_pb_column][et_pb_column type=&#8221;1_4&#8243; _builder_version=&#8221;4.22.1&#8243; _module_preset=&#8221;default&#8221; global_colors_info=&#8221;{}&#8221;][et_pb_button button_url=&#8221;@ET-DC@eyJkeW5hbWljIjp0cnVlLCJjb250ZW50IjoicG9zdF9saW5rX3VybF9wYWdlIiwic2V0dGluZ3MiOnsicG9zdF9pZCI6IjI0MzIyMyIsImVuYWJsZV9odG1sIjoib2ZmIn19@&#8221; button_text=&#8221;Preise &amp; Storno&#8221; button_alignment=&#8221;center&#8221; _builder_version=&#8221;4.24.2&#8243; _dynamic_attributes=&#8221;button_url&#8221; _module_preset=&#8221;default&#8221; custom_button=&#8221;on&#8221; button_text_color=&#8221;#393939&#8243; button_bg_color=&#8221;RGBA(255,255,255,0)&#8221; button_border_width=&#8221;0px&#8221; button_font=&#8221;|600|||||||&#8221; button_icon=&#8221;&#x4b;||divi||400&#8243; button_icon_color=&#8221;#393939&#8243; global_colors_info=&#8221;{}&#8221; button_bg_color__hover_enabled=&#8221;on|desktop&#8221; button_bg_color__hover=&#8221;RGBA(255,255,255,0)&#8221;][\/et_pb_button][\/et_pb_column][et_pb_column type=&#8221;1_4&#8243; _builder_version=&#8221;4.22.1&#8243; _module_preset=&#8221;default&#8221; global_colors_info=&#8221;{}&#8221;][et_pb_button button_url=&#8221;https:\/\/www.werdenfelserei.de\/en\/rooms-suites\/#suiten&#8221; button_text=&#8221;Zur\u00fcck zu den Suiten&#8221; button_alignment=&#8221;center&#8221; _builder_version=&#8221;4.24.3&#8243; _module_preset=&#8221;default&#8221; custom_button=&#8221;on&#8221; button_text_color=&#8221;#393939&#8243; button_bg_color=&#8221;RGBA(255,255,255,0)&#8221; button_border_width=&#8221;0px&#8221; button_font=&#8221;|600|||||||&#8221; button_icon=&#8221;&#x4b;||divi||400&#8243; button_icon_color=&#8221;#393939&#8243; global_colors_info=&#8221;{}&#8221; button_bg_color__hover_enabled=&#8221;on|desktop&#8221; button_bg_color__hover=&#8221;RGBA(255,255,255,0)&#8221;][\/et_pb_button][\/et_pb_column][et_pb_column type=&#8221;1_4&#8243; _builder_version=&#8221;4.22.1&#8243; _module_preset=&#8221;default&#8221; global_colors_info=&#8221;{}&#8221;][et_pb_button button_url=&#8221;https:\/\/www.werdenfelserei.de\/en\/rooms-suites\/#studios&#8221; button_text=&#8221;Zur\u00fcck zu den Studios&#8221; button_alignment=&#8221;center&#8221; _builder_version=&#8221;4.24.3&#8243; _module_preset=&#8221;default&#8221; custom_button=&#8221;on&#8221; button_text_color=&#8221;#393939&#8243; button_bg_color=&#8221;RGBA(255,255,255,0)&#8221; button_border_width=&#8221;0px&#8221; button_font=&#8221;|600|||||||&#8221; button_icon=&#8221;&#x4b;||divi||400&#8243; button_icon_color=&#8221;#393939&#8243; global_colors_info=&#8221;{}&#8221; button_bg_color__hover_enabled=&#8221;on|desktop&#8221; button_bg_color__hover=&#8221;RGBA(255,255,255,0)&#8221;][\/et_pb_button][\/et_pb_column][\/et_pb_row][\/et_pb_section]<\/p>\n","protected":false},"excerpt":{"rendered":"<p>Feuer Suite2-4 Personen | 60m\u00b2 Zimmergr\u00f6\u00dfe | Balkon | KaminEine flackernde gelbe Flamme auf roter Glut. Man lauscht dem Knistern. Romantik pur! Und genau das bietet unsere Feuer Suite. Auf 60m\u00b2 kann man es sich gem\u00fctlich machen. Vom gro\u00dfen King Size Bett hat man direkten Blick auf den Kamin. Eine gem\u00fctliche Sitzecke mit Tee- und Nespressobar und ein 14m\u00b2 gro\u00dfer Balkon mit Blick in den Michael-Ende-Kurpark werden durch ein gro\u00dfz\u00fcgiges offenes Bad mit Regendusche und freistehender Badewanne erg\u00e4nzt. Ein separates kuscheliges Schlafzimmer bietet Platz f\u00fcr eine dritte oder auch vierte Person. Diese Suite ist perfekt zu zweit, mit Freunden oder Familie.\u300bBalkon zum Park\u300bgem\u00fctlicher Wohnbereich mit Eckbankgruppe\u300bKamin mit Brennholz &#8211; nutzbar von September bis Mai\u300bTrinkbrunnen mit Granderwasser\u300bEssbar mit Minibar &amp; Teebar\u300bNespressomaschine\u300bBOSE Musikanlage\u300bInnenliegendes zweites Schlafzimmer mit Doppelbett (140x200cm)\u300bhalboffenes Badkonzept mit Regendusche, freistehender Badewanne &amp; separatem WC\u300bKing Size Bett (200x220cm) &nbsp; In der Werdenfelserei ist eine Grundwasserw\u00e4rmepumpe installiert, die im Sommer alle Studios &amp; Suiten sowie die G\u00e4stezimmer klimatisiert und im Winter heizt.Gut zu wissen<\/p>\n","protected":false},"author":1,"featured_media":987574280,"parent":987564404,"menu_order":0,"comment_status":"closed","ping_status":"closed","template":"","meta":{"_et_pb_use_builder":"on","_et_pb_old_content":"","_et_gb_content_width":"","footnotes":""},"class_list":["post-987564507","page","type-page","status-publish","has-post-thumbnail","hentry"],"_links":{"self":[{"href":"https:\/\/www.werdenfelserei.de\/en\/wp-json\/wp\/v2\/pages\/987564507","targetHints":{"allow":["GET"]}}],"collection":[{"href":"https:\/\/www.werdenfelserei.de\/en\/wp-json\/wp\/v2\/pages"}],"about":[{"href":"https:\/\/www.werdenfelserei.de\/en\/wp-json\/wp\/v2\/types\/page"}],"author":[{"embeddable":true,"href":"https:\/\/www.werdenfelserei.de\/en\/wp-json\/wp\/v2\/users\/1"}],"replies":[{"embeddable":true,"href":"https:\/\/www.werdenfelserei.de\/en\/wp-json\/wp\/v2\/comments?post=987564507"}],"version-history":[{"count":52,"href":"https:\/\/www.werdenfelserei.de\/en\/wp-json\/wp\/v2\/pages\/987564507\/revisions"}],"predecessor-version":[{"id":987573662,"href":"https:\/\/www.werdenfelserei.de\/en\/wp-json\/wp\/v2\/pages\/987564507\/revisions\/987573662"}],"up":[{"embeddable":true,"href":"https:\/\/www.werdenfelserei.de\/en\/wp-json\/wp\/v2\/pages\/987564404"}],"wp:featuredmedia":[{"embeddable":true,"href":"https:\/\/www.werdenfelserei.de\/en\/wp-json\/wp\/v2\/media\/987574280"}],"wp:attachment":[{"href":"https:\/\/www.werdenfelserei.de\/en\/wp-json\/wp\/v2\/media?parent=987564507"}],"curies":[{"name":"wp","href":"https:\/\/api.w.org\/{rel}","templated":true}]}}