{"id":987564538,"date":"2024-03-20T16:52:33","date_gmt":"2024-03-20T16:52:33","guid":{"rendered":"https:\/\/www.werdenfelserei.de\/?page_id=987564538"},"modified":"2026-01-20T09:32:35","modified_gmt":"2026-01-20T09:32:35","slug":"studio-l","status":"publish","type":"page","link":"https:\/\/www.werdenfelserei.de\/en\/rooms-suites\/studio-l\/","title":{"rendered":"Studio L"},"content":{"rendered":"<p>[et_pb_section fb_built=&#8221;1&#8243; admin_label=&#8221;Header&#8221; module_class=&#8221;kb-zoomin&#8221; _builder_version=&#8221;4.24.0&#8243; _module_preset=&#8221;default&#8221; use_background_color_gradient=&#8221;on&#8221; background_color_gradient_stops=&#8221;rgba(57,57,57,0.78) 0%|rgba(255,255,255,0) 39%&#8221; background_color_gradient_overlays_image=&#8221;on&#8221; background_image=&#8221;https:\/\/www.werdenfelserei.de\/wp-content\/uploads\/2024\/03\/202403-werdenfelserei-studio-l-10-min.jpg&#8221; background_position=&#8221;bottom_center&#8221; background_vertical_offset=&#8221;23%&#8221; module_alignment=&#8221;center&#8221; min_height=&#8221;400px&#8221; height=&#8221;100vh&#8221; global_colors_info=&#8221;{}&#8221;][\/et_pb_section][et_pb_section fb_built=&#8221;1&#8243; admin_label=&#8221;\u00d6ffnungszeiten Wellness&#8221; _builder_version=&#8221;4.24.0&#8243; _module_preset=&#8221;default&#8221; background_color=&#8221;#f5f3ee&#8221; background_enable_image=&#8221;off&#8221; background_size=&#8221;custom&#8221; background_image_width=&#8221;16%&#8221; background_image_height=&#8221;0%&#8221; background_position=&#8221;bottom_left&#8221; background_horizontal_offset=&#8221;40%&#8221; background_vertical_offset=&#8221;32%&#8221; max_width=&#8221;100%&#8221; module_alignment=&#8221;center&#8221; custom_margin=&#8221;0px||0px||false|false&#8221; custom_padding=&#8221;50px||50px||false|false&#8221; collapsed=&#8221;on&#8221; global_colors_info=&#8221;{}&#8221;][et_pb_row _builder_version=&#8221;4.23.1&#8243; _module_preset=&#8221;default&#8221; width=&#8221;100%&#8221; max_width=&#8221;60%&#8221; max_width_tablet=&#8221;80%&#8221; max_width_phone=&#8221;80%&#8221; max_width_last_edited=&#8221;on|tablet&#8221; global_colors_info=&#8221;{}&#8221;][et_pb_column type=&#8221;4_4&#8243; _builder_version=&#8221;4.21.0&#8243; _module_preset=&#8221;default&#8221; global_colors_info=&#8221;{}&#8221;][et_pb_text _builder_version=&#8221;4.24.2&#8243; _module_preset=&#8221;820dfff7-629c-45a9-91eb-3b568a9f241f&#8221; text_font=&#8221;Marat Sans Light||||||||&#8221; header_font=&#8221;||||||||&#8221; header_text_align=&#8221;center&#8221; header_font_size=&#8221;50px&#8221; header_2_font=&#8221;||||||||&#8221; header_2_text_align=&#8221;left&#8221; header_2_font_size=&#8221;50px&#8221; header_2_line_height=&#8221;1.4em&#8221; custom_margin=&#8221;||-7px|||&#8221; header_2_font_size_tablet=&#8221;50px&#8221; header_2_font_size_phone=&#8221;40px&#8221; header_2_font_size_last_edited=&#8221;on|phone&#8221; locked=&#8221;off&#8221; global_colors_info=&#8221;{}&#8221;]<\/p>\n<h2>Studio L<\/h2>\n<p>[\/et_pb_text][\/et_pb_column][\/et_pb_row][et_pb_row _builder_version=&#8221;4.24.0&#8243; _module_preset=&#8221;default&#8221; width=&#8221;100%&#8221; max_width=&#8221;60%&#8221; max_width_tablet=&#8221;80%&#8221; max_width_phone=&#8221;80%&#8221; max_width_last_edited=&#8221;on|tablet&#8221; custom_padding=&#8221;0px||0px||false|false&#8221; global_colors_info=&#8221;{}&#8221;][et_pb_column type=&#8221;4_4&#8243; _builder_version=&#8221;4.21.0&#8243; _module_preset=&#8221;default&#8221; global_colors_info=&#8221;{}&#8221;][et_pb_text _builder_version=&#8221;4.24.2&#8243; _module_preset=&#8221;5611e52d-b3bf-4b05-81e4-e9ddade2e17b&#8221; text_font=&#8221;Marat Sans Thin||||||||&#8221; text_text_color=&#8221;#393939&#8243; text_font_size=&#8221;20px&#8221; text_line_height=&#8221;1.4em&#8221; link_font=&#8221;Marat Sans Light||||||||&#8221; link_text_color=&#8221;#393939&#8243; header_3_font=&#8221;||||||||&#8221; header_3_text_align=&#8221;left&#8221; header_3_font_size=&#8221;25px&#8221; text_orientation=&#8221;center&#8221; text_font_size_tablet=&#8221;20px&#8221; text_font_size_phone=&#8221;16px&#8221; text_font_size_last_edited=&#8221;on|tablet&#8221; global_colors_info=&#8221;{}&#8221;]<\/p>\n<h3>2 Personen | 33m\u00b2 Zimmergr\u00f6\u00dfe | Balkon zum Park<\/h3>\n<p>[\/et_pb_text][et_pb_text _builder_version=&#8221;4.24.2&#8243; _module_preset=&#8221;5611e52d-b3bf-4b05-81e4-e9ddade2e17b&#8221; text_font=&#8221;||||||||&#8221; text_text_color=&#8221;#393939&#8243; text_font_size=&#8221;20px&#8221; text_line_height=&#8221;1.4em&#8221; link_font=&#8221;Marat Sans Light||||||||&#8221; link_text_color=&#8221;#393939&#8243; header_3_font=&#8221;Marat Sans Medium||||||||&#8221; text_font_size_tablet=&#8221;20px&#8221; text_font_size_phone=&#8221;16px&#8221; text_font_size_last_edited=&#8221;on|tablet&#8221; global_colors_info=&#8221;{}&#8221;]<\/p>\n<p>Im Studio L kann man sich so richtig ausbreiten, denn mit seinen 33m\u00b2 bietet es jede Menge Platz zum Entspannen. P<span>erfekt also f\u00fcr alle, die gerne etwas mehr Platz haben.<\/span><\/p>\n<p>Der Blick vom kuscheligen Doppelbett geht direkt nach S\u00fcdosten auf das Wettersteingebirge. Durch die gro\u00dfe Fensterfront, welche sich \u00fcber die komplette Breite des Studios streckt, kann man zusehen, wie sich am Morgen die Sonne langsam hinter den Bergen erhebt und den Himmel einf\u00e4rbt. Der gem\u00fctlich Designersessel l\u00e4dt Nachmittags zum Verweilen ein, w\u00e4hrend man bei einer Tasse Tee aus der zimmereigenen Bioteaque Teebar das Rauschen der B\u00e4ume im Kurpark genie\u00dft. Diese Suite ist perfekt zu zweit.<\/p>\n<p>[\/et_pb_text][\/et_pb_column][\/et_pb_row][et_pb_row _builder_version=&#8221;4.24.0&#8243; _module_preset=&#8221;default&#8221; width=&#8221;100%&#8221; max_width=&#8221;60%&#8221; max_width_tablet=&#8221;80%&#8221; max_width_phone=&#8221;80%&#8221; max_width_last_edited=&#8221;on|tablet&#8221; custom_padding=&#8221;30px||0px||false|false&#8221; global_colors_info=&#8221;{}&#8221;][et_pb_column type=&#8221;4_4&#8243; _builder_version=&#8221;4.21.0&#8243; _module_preset=&#8221;default&#8221; global_colors_info=&#8221;{}&#8221;][et_pb_text _builder_version=&#8221;4.26.1&#8243; _module_preset=&#8221;5611e52d-b3bf-4b05-81e4-e9ddade2e17b&#8221; text_font=&#8221;||||||||&#8221; text_text_color=&#8221;#393939&#8243; text_font_size=&#8221;20px&#8221; text_line_height=&#8221;1.4em&#8221; link_font=&#8221;Marat Sans Light||||||||&#8221; link_text_color=&#8221;#393939&#8243; header_3_font=&#8221;Marat Sans Medium||||||||&#8221; text_font_size_tablet=&#8221;20px&#8221; text_font_size_phone=&#8221;16px&#8221; text_font_size_last_edited=&#8221;on|tablet&#8221; global_colors_info=&#8221;{}&#8221;]<\/p>\n<p><span>\u300bBalkon zum Park<br \/><\/span><span>\u300b<\/span>Trinkbrunnen mit Granderwasser<br \/><span>\u300b<\/span>Teebar &amp; Schreibtisch<br \/><span>\u300bNespressomaschine<\/span><br \/><span>\u300b<\/span>Doppelbett (180x210cm)<br \/><span>\u300borganisch geformtes Day Bed (80x190cm)<\/span><br \/><span>\u300b<\/span>halboffenes Badkonzept mit Regendusche &amp; separatem WC<br \/><span>\u300bwarmer Eichenholzboden &amp; nat\u00fcrliche Materialien<br \/><\/span><span><br \/><\/span><\/p>\n<p><span><strong>In der Werdenfelserei ist eine Grundwasser-W\u00e4rmepumpe verbaut, durch die alle Studios &amp; Suiten, sowie die Gastr\u00e4ume im Sommer klimatisiert und im Winter beheizt werden.<\/strong><\/span><\/p>\n<p>[\/et_pb_text][\/et_pb_column][\/et_pb_row][et_pb_row column_structure=&#8221;1_2,1_2&#8243; use_custom_gutter=&#8221;on&#8221; gutter_width=&#8221;2&#8243; _builder_version=&#8221;4.24.0&#8243; _module_preset=&#8221;default&#8221; width=&#8221;100%&#8221; max_width=&#8221;80%&#8221; max_width_tablet=&#8221;60%&#8221; max_width_phone=&#8221;80%&#8221; max_width_last_edited=&#8221;on|phone&#8221; custom_margin=&#8221;0px||0px||false|false&#8221; custom_padding=&#8221;100px||0px||false|false&#8221; global_colors_info=&#8221;{}&#8221;][et_pb_column type=&#8221;1_2&#8243; _builder_version=&#8221;4.21.0&#8243; _module_preset=&#8221;default&#8221; global_colors_info=&#8221;{}&#8221;][et_pb_image src=&#8221;https:\/\/www.werdenfelserei.de\/wp-content\/uploads\/2024\/03\/202403-werdenfelserei-studio-l-1-min.jpg&#8221; title_text=&#8221;202403-werdenfelserei-studio-l-1-min&#8221; _builder_version=&#8221;4.24.0&#8243; _module_preset=&#8221;default&#8221; global_colors_info=&#8221;{}&#8221;][\/et_pb_image][et_pb_image src=&#8221;https:\/\/www.werdenfelserei.de\/wp-content\/uploads\/2024\/03\/202403-werdenfelserei-studio-l-3-min.jpg&#8221; title_text=&#8221;202403-werdenfelserei-studio-l-3-min&#8221; _builder_version=&#8221;4.24.0&#8243; _module_preset=&#8221;default&#8221; global_colors_info=&#8221;{}&#8221;][\/et_pb_image][\/et_pb_column][et_pb_column type=&#8221;1_2&#8243; _builder_version=&#8221;4.21.0&#8243; _module_preset=&#8221;default&#8221; global_colors_info=&#8221;{}&#8221;][et_pb_image src=&#8221;https:\/\/www.werdenfelserei.de\/wp-content\/uploads\/2024\/03\/202403-werdenfelserei-studio-l-9-min.jpg&#8221; title_text=&#8221;202403-werdenfelserei-studio-l-9-min&#8221; _builder_version=&#8221;4.24.0&#8243; _module_preset=&#8221;default&#8221; global_colors_info=&#8221;{}&#8221;][\/et_pb_image][et_pb_image src=&#8221;https:\/\/www.werdenfelserei.de\/wp-content\/uploads\/2024\/03\/202403-werdenfelserei-grundriss-zimmer-studio-l.jpg&#8221; title_text=&#8221;202403-werdenfelserei-grundriss-zimmer-studio-l&#8221; _builder_version=&#8221;4.24.0&#8243; _module_preset=&#8221;default&#8221; global_colors_info=&#8221;{}&#8221;][\/et_pb_image][\/et_pb_column][\/et_pb_row][\/et_pb_section][et_pb_section fb_built=&#8221;1&#8243; admin_label=&#8221;Massagen&#8221; module_id=&#8221;massagen&#8221; module_class=&#8221;massagen&#8221; _builder_version=&#8221;4.22.1&#8243; _module_preset=&#8221;default&#8221; background_color=&#8221;#F5F3EE&#8221; global_module=&#8221;245489&#8243; global_colors_info=&#8221;{}&#8221;][et_pb_row _builder_version=&#8221;4.22.1&#8243; _module_preset=&#8221;default&#8221; max_width=&#8221;70%&#8221; global_colors_info=&#8221;{}&#8221;][et_pb_column type=&#8221;4_4&#8243; _builder_version=&#8221;4.22.1&#8243; _module_preset=&#8221;default&#8221; global_colors_info=&#8221;{}&#8221;][et_pb_text _builder_version=&#8221;4.24.2&#8243; _module_preset=&#8221;aac0295c-f84b-490d-b20b-44e5cd479d2a&#8221; text_font=&#8221;Marat Sans Light||||||||&#8221; text_font_size=&#8221;18px&#8221; header_2_font=&#8221;||||||||&#8221; header_2_font_size=&#8221;40px&#8221; header_3_font=&#8221;Marat Sans Light|||on|||||&#8221; header_3_font_size=&#8221;50px&#8221; text_orientation=&#8221;center&#8221; custom_margin=&#8221;||-1px|||&#8221; global_colors_info=&#8221;{}&#8221;]<\/p>\n<h2>Gut zu wissen<\/h2>\n<p>[\/et_pb_text][\/et_pb_column][\/et_pb_row][et_pb_row column_structure=&#8221;1_4,1_4,1_4,1_4&#8243; _builder_version=&#8221;4.24.0&#8243; _module_preset=&#8221;default&#8221; max_width=&#8221;80%&#8221; global_colors_info=&#8221;{}&#8221;][et_pb_column type=&#8221;1_4&#8243; _builder_version=&#8221;4.22.1&#8243; _module_preset=&#8221;default&#8221; global_colors_info=&#8221;{}&#8221;][et_pb_button button_url=&#8221;@ET-DC@eyJkeW5hbWljIjp0cnVlLCJjb250ZW50IjoicG9zdF9saW5rX3VybF9wYWdlIiwic2V0dGluZ3MiOnsicG9zdF9pZCI6IjI0MzIxMiIsImVuYWJsZV9odG1sIjoib2ZmIn19@&#8221; button_text=&#8221;Inklusivleistungen&#8221; button_alignment=&#8221;center&#8221; _builder_version=&#8221;4.24.3&#8243; _dynamic_attributes=&#8221;button_url&#8221; _module_preset=&#8221;default&#8221; custom_button=&#8221;on&#8221; button_text_color=&#8221;#393939&#8243; button_bg_color=&#8221;RGBA(255,255,255,0)&#8221; button_border_width=&#8221;0px&#8221; button_font=&#8221;|600|||||||&#8221; button_icon=&#8221;&#x4b;||divi||400&#8243; button_icon_color=&#8221;#393939&#8243; global_colors_info=&#8221;{}&#8221; button_bg_color__hover_enabled=&#8221;on|desktop&#8221; button_bg_color__hover=&#8221;RGBA(255,255,255,0)&#8221;][\/et_pb_button][\/et_pb_column][et_pb_column type=&#8221;1_4&#8243; _builder_version=&#8221;4.22.1&#8243; _module_preset=&#8221;default&#8221; global_colors_info=&#8221;{}&#8221;][et_pb_button button_url=&#8221;@ET-DC@eyJkeW5hbWljIjp0cnVlLCJjb250ZW50IjoicG9zdF9saW5rX3VybF9wYWdlIiwic2V0dGluZ3MiOnsicG9zdF9pZCI6IjI0MzIyMyIsImVuYWJsZV9odG1sIjoib2ZmIn19@&#8221; button_text=&#8221;Preise &amp; Storno&#8221; button_alignment=&#8221;center&#8221; _builder_version=&#8221;4.24.2&#8243; _dynamic_attributes=&#8221;button_url&#8221; _module_preset=&#8221;default&#8221; custom_button=&#8221;on&#8221; button_text_color=&#8221;#393939&#8243; button_bg_color=&#8221;RGBA(255,255,255,0)&#8221; button_border_width=&#8221;0px&#8221; button_font=&#8221;|600|||||||&#8221; button_icon=&#8221;&#x4b;||divi||400&#8243; button_icon_color=&#8221;#393939&#8243; global_colors_info=&#8221;{}&#8221; button_bg_color__hover_enabled=&#8221;on|desktop&#8221; button_bg_color__hover=&#8221;RGBA(255,255,255,0)&#8221;][\/et_pb_button][\/et_pb_column][et_pb_column type=&#8221;1_4&#8243; _builder_version=&#8221;4.22.1&#8243; _module_preset=&#8221;default&#8221; global_colors_info=&#8221;{}&#8221;][et_pb_button button_url=&#8221;https:\/\/www.werdenfelserei.de\/en\/rooms-suites\/#suiten&#8221; button_text=&#8221;Zur\u00fcck zu den Suiten&#8221; button_alignment=&#8221;center&#8221; _builder_version=&#8221;4.24.3&#8243; _module_preset=&#8221;default&#8221; custom_button=&#8221;on&#8221; button_text_color=&#8221;#393939&#8243; button_bg_color=&#8221;RGBA(255,255,255,0)&#8221; button_border_width=&#8221;0px&#8221; button_font=&#8221;|600|||||||&#8221; button_icon=&#8221;&#x4b;||divi||400&#8243; button_icon_color=&#8221;#393939&#8243; global_colors_info=&#8221;{}&#8221; button_bg_color__hover_enabled=&#8221;on|desktop&#8221; button_bg_color__hover=&#8221;RGBA(255,255,255,0)&#8221;][\/et_pb_button][\/et_pb_column][et_pb_column type=&#8221;1_4&#8243; _builder_version=&#8221;4.22.1&#8243; _module_preset=&#8221;default&#8221; global_colors_info=&#8221;{}&#8221;][et_pb_button button_url=&#8221;https:\/\/www.werdenfelserei.de\/en\/rooms-suites\/#studios&#8221; button_text=&#8221;Zur\u00fcck zu den Studios&#8221; button_alignment=&#8221;center&#8221; _builder_version=&#8221;4.24.3&#8243; _module_preset=&#8221;default&#8221; custom_button=&#8221;on&#8221; button_text_color=&#8221;#393939&#8243; button_bg_color=&#8221;RGBA(255,255,255,0)&#8221; button_border_width=&#8221;0px&#8221; button_font=&#8221;|600|||||||&#8221; button_icon=&#8221;&#x4b;||divi||400&#8243; button_icon_color=&#8221;#393939&#8243; global_colors_info=&#8221;{}&#8221; button_bg_color__hover_enabled=&#8221;on|desktop&#8221; button_bg_color__hover=&#8221;RGBA(255,255,255,0)&#8221;][\/et_pb_button][\/et_pb_column][\/et_pb_row][\/et_pb_section]<\/p>\n","protected":false},"excerpt":{"rendered":"<p>Studio L2 Personen | 33m\u00b2 Zimmergr\u00f6\u00dfe | Balkon zum ParkIm Studio L kann man sich so richtig ausbreiten, denn mit seinen 33m\u00b2 bietet es jede Menge Platz zum Entspannen. Perfekt also f\u00fcr alle, die gerne etwas mehr Platz haben. Der Blick vom kuscheligen Doppelbett geht direkt nach S\u00fcdosten auf das Wettersteingebirge. Durch die gro\u00dfe Fensterfront, welche sich \u00fcber die komplette Breite des Studios streckt, kann man zusehen, wie sich am Morgen die Sonne langsam hinter den Bergen erhebt und den Himmel einf\u00e4rbt. Der gem\u00fctlich Designersessel l\u00e4dt Nachmittags zum Verweilen ein, w\u00e4hrend man bei einer Tasse Tee aus der zimmereigenen Bioteaque Teebar das Rauschen der B\u00e4ume im Kurpark genie\u00dft. Diese Suite ist perfekt zu zweit.\u300bBalkon zum Park\u300bTrinkbrunnen mit Granderwasser\u300bTeebar &amp; Schreibtisch\u300bNespressomaschine\u300bDoppelbett (180x210cm)\u300borganisch geformtes Day Bed (80x190cm)\u300bhalboffenes Badkonzept mit Regendusche &amp; separatem WC\u300bwarmer Eichenholzboden &amp; nat\u00fcrliche Materialien In der Werdenfelserei ist eine Grundwasser-W\u00e4rmepumpe verbaut, durch die alle Studios &amp; Suiten, sowie die Gastr\u00e4ume im Sommer klimatisiert und im Winter beheizt werden.Gut zu wissen<\/p>\n","protected":false},"author":1,"featured_media":987574278,"parent":987564404,"menu_order":0,"comment_status":"closed","ping_status":"closed","template":"","meta":{"_et_pb_use_builder":"on","_et_pb_old_content":"","_et_gb_content_width":"","footnotes":""},"class_list":["post-987564538","page","type-page","status-publish","has-post-thumbnail","hentry"],"_links":{"self":[{"href":"https:\/\/www.werdenfelserei.de\/en\/wp-json\/wp\/v2\/pages\/987564538","targetHints":{"allow":["GET"]}}],"collection":[{"href":"https:\/\/www.werdenfelserei.de\/en\/wp-json\/wp\/v2\/pages"}],"about":[{"href":"https:\/\/www.werdenfelserei.de\/en\/wp-json\/wp\/v2\/types\/page"}],"author":[{"embeddable":true,"href":"https:\/\/www.werdenfelserei.de\/en\/wp-json\/wp\/v2\/users\/1"}],"replies":[{"embeddable":true,"href":"https:\/\/www.werdenfelserei.de\/en\/wp-json\/wp\/v2\/comments?post=987564538"}],"version-history":[{"count":59,"href":"https:\/\/www.werdenfelserei.de\/en\/wp-json\/wp\/v2\/pages\/987564538\/revisions"}],"predecessor-version":[{"id":987573595,"href":"https:\/\/www.werdenfelserei.de\/en\/wp-json\/wp\/v2\/pages\/987564538\/revisions\/987573595"}],"up":[{"embeddable":true,"href":"https:\/\/www.werdenfelserei.de\/en\/wp-json\/wp\/v2\/pages\/987564404"}],"wp:featuredmedia":[{"embeddable":true,"href":"https:\/\/www.werdenfelserei.de\/en\/wp-json\/wp\/v2\/media\/987574278"}],"wp:attachment":[{"href":"https:\/\/www.werdenfelserei.de\/en\/wp-json\/wp\/v2\/media?parent=987564538"}],"curies":[{"name":"wp","href":"https:\/\/api.w.org\/{rel}","templated":true}]}}