{"id":987564539,"date":"2024-03-21T21:57:25","date_gmt":"2024-03-21T21:57:25","guid":{"rendered":"https:\/\/www.werdenfelserei.de\/?page_id=987564539"},"modified":"2024-08-19T10:37:09","modified_gmt":"2024-08-19T10:37:09","slug":"studio-m-2","status":"publish","type":"page","link":"https:\/\/www.werdenfelserei.de\/en\/rooms-suites\/studio-m-2\/","title":{"rendered":"Studio M"},"content":{"rendered":"<p>[et_pb_section fb_built=&#8221;1&#8243; admin_label=&#8221;Header&#8221; module_class=&#8221;kb-zoomin&#8221; _builder_version=&#8221;4.24.3&#8243; _module_preset=&#8221;default&#8221; use_background_color_gradient=&#8221;on&#8221; background_color_gradient_stops=&#8221;rgba(57,57,57,0.78) 0%|rgba(255,255,255,0) 39%&#8221; background_color_gradient_overlays_image=&#8221;on&#8221; background_image=&#8221;https:\/\/www.werdenfelserei.de\/wp-content\/uploads\/2024\/03\/202403-werdenfelserei-studio-m-5-min.jpg&#8221; background_position=&#8221;bottom_center&#8221; background_vertical_offset=&#8221;23%&#8221; module_alignment=&#8221;center&#8221; min_height=&#8221;400px&#8221; height=&#8221;100vh&#8221; global_colors_info=&#8221;{}&#8221; theme_builder_area=&#8221;post_content&#8221;][\/et_pb_section][et_pb_section fb_built=&#8221;1&#8243; admin_label=&#8221;\u00d6ffnungszeiten Wellness&#8221; _builder_version=&#8221;4.24.0&#8243; _module_preset=&#8221;default&#8221; background_color=&#8221;#f5f3ee&#8221; background_enable_image=&#8221;off&#8221; background_size=&#8221;custom&#8221; background_image_width=&#8221;16%&#8221; background_image_height=&#8221;0%&#8221; background_position=&#8221;bottom_left&#8221; background_horizontal_offset=&#8221;40%&#8221; background_vertical_offset=&#8221;32%&#8221; max_width=&#8221;100%&#8221; module_alignment=&#8221;center&#8221; custom_margin=&#8221;0px||0px||false|false&#8221; custom_padding=&#8221;50px||50px||false|false&#8221; collapsed=&#8221;on&#8221; global_colors_info=&#8221;{}&#8221; theme_builder_area=&#8221;post_content&#8221;][et_pb_row _builder_version=&#8221;4.23.1&#8243; _module_preset=&#8221;default&#8221; width=&#8221;100%&#8221; max_width=&#8221;60%&#8221; max_width_tablet=&#8221;80%&#8221; max_width_phone=&#8221;80%&#8221; max_width_last_edited=&#8221;on|tablet&#8221; global_colors_info=&#8221;{}&#8221; theme_builder_area=&#8221;post_content&#8221;][et_pb_column type=&#8221;4_4&#8243; _builder_version=&#8221;4.21.0&#8243; _module_preset=&#8221;default&#8221; global_colors_info=&#8221;{}&#8221; theme_builder_area=&#8221;post_content&#8221;][et_pb_text _builder_version=&#8221;4.27.0&#8243; _module_preset=&#8221;820dfff7-629c-45a9-91eb-3b568a9f241f&#8221; text_font=&#8221;Marat Sans Light||||||||&#8221; header_font=&#8221;||||||||&#8221; header_text_align=&#8221;center&#8221; header_font_size=&#8221;50px&#8221; header_2_font=&#8221;||||||||&#8221; header_2_text_align=&#8221;left&#8221; header_2_font_size=&#8221;50px&#8221; header_2_line_height=&#8221;1.4em&#8221; custom_margin=&#8221;||-7px|||&#8221; hover_enabled=&#8221;0&#8243; header_2_font_size_tablet=&#8221;50px&#8221; header_2_font_size_phone=&#8221;40px&#8221; header_2_font_size_last_edited=&#8221;on|phone&#8221; locked=&#8221;off&#8221; global_colors_info=&#8221;{}&#8221; theme_builder_area=&#8221;post_content&#8221; sticky_enabled=&#8221;0&#8243;]<\/p>\n<h2>Studio M<\/h2>\n<p>[\/et_pb_text][\/et_pb_column][\/et_pb_row][et_pb_row _builder_version=&#8221;4.24.0&#8243; _module_preset=&#8221;default&#8221; width=&#8221;100%&#8221; max_width=&#8221;60%&#8221; max_width_tablet=&#8221;80%&#8221; max_width_phone=&#8221;80%&#8221; max_width_last_edited=&#8221;on|tablet&#8221; custom_padding=&#8221;0px||0px||false|false&#8221; global_colors_info=&#8221;{}&#8221; theme_builder_area=&#8221;post_content&#8221;][et_pb_column type=&#8221;4_4&#8243; _builder_version=&#8221;4.21.0&#8243; _module_preset=&#8221;default&#8221; global_colors_info=&#8221;{}&#8221; theme_builder_area=&#8221;post_content&#8221;][et_pb_text _builder_version=&#8221;4.27.0&#8243; _module_preset=&#8221;5611e52d-b3bf-4b05-81e4-e9ddade2e17b&#8221; text_font=&#8221;Marat Sans Thin||||||||&#8221; text_text_color=&#8221;#393939&#8243; text_font_size=&#8221;20px&#8221; text_line_height=&#8221;1.4em&#8221; link_font=&#8221;Marat Sans Light||||||||&#8221; link_text_color=&#8221;#393939&#8243; header_3_font=&#8221;||||||||&#8221; header_3_text_align=&#8221;left&#8221; header_3_font_size=&#8221;25px&#8221; text_orientation=&#8221;center&#8221; hover_enabled=&#8221;0&#8243; text_font_size_tablet=&#8221;20px&#8221; text_font_size_phone=&#8221;16px&#8221; text_font_size_last_edited=&#8221;on|tablet&#8221; global_colors_info=&#8221;{}&#8221; theme_builder_area=&#8221;post_content&#8221; sticky_enabled=&#8221;0&#8243;]<\/p>\n<h3>2 adults + 2 children | 35m\u00b2 room size | balcony facing Alleestra\u00dfe<\/h3>\n<p>[\/et_pb_text][et_pb_text _builder_version=&#8221;4.27.0&#8243; _module_preset=&#8221;5611e52d-b3bf-4b05-81e4-e9ddade2e17b&#8221; text_font=&#8221;||||||||&#8221; text_text_color=&#8221;#393939&#8243; text_font_size=&#8221;20px&#8221; text_line_height=&#8221;1.4em&#8221; link_font=&#8221;Marat Sans Light||||||||&#8221; link_text_color=&#8221;#393939&#8243; header_3_font=&#8221;Marat Sans Medium||||||||&#8221; hover_enabled=&#8221;0&#8243; text_font_size_tablet=&#8221;20px&#8221; text_font_size_phone=&#8221;16px&#8221; text_font_size_last_edited=&#8221;on|tablet&#8221; global_colors_info=&#8221;{}&#8221; theme_builder_area=&#8221;post_content&#8221; sticky_enabled=&#8221;0&#8243;]<\/p>\n<p>Our Studio M is the perfect room for families. And here you have a wonderful mountain view of the Kramer, K\u00f6nigsstand and the St. Martinsh\u00fctte. Here too, as with all our studios &amp; suites, the focus is clearly on wood as a primary building material. Bright and light, Studio M embodies cosiness and natural design.<\/p>\n<p>With its 35m\u00b2, Studio M is ideal for 2 adults and 2 children. This studio is perfectly tailored to the needs of families, so that every member of the family can enjoy a wonderful holiday.<\/p>\n<p>From the 6m\u00b2 balcony, you can enjoy the sunset behind the impressive Kramer in the evening hours. The cosy corner seating area is perfect for ending the day with an evening of games together. The second bedroom with a cosy bunk bed for the children ensures that adults can stay awake longer and enjoy some privacy. This studio is suitable for two adults and 2 children.<\/p>\n<p>[\/et_pb_text][\/et_pb_column][\/et_pb_row][et_pb_row _builder_version=&#8221;4.24.0&#8243; _module_preset=&#8221;default&#8221; width=&#8221;100%&#8221; max_width=&#8221;60%&#8221; max_width_tablet=&#8221;80%&#8221; max_width_phone=&#8221;80%&#8221; max_width_last_edited=&#8221;on|tablet&#8221; custom_padding=&#8221;30px||0px||false|false&#8221; global_colors_info=&#8221;{}&#8221; theme_builder_area=&#8221;post_content&#8221;][et_pb_column type=&#8221;4_4&#8243; _builder_version=&#8221;4.21.0&#8243; _module_preset=&#8221;default&#8221; global_colors_info=&#8221;{}&#8221; theme_builder_area=&#8221;post_content&#8221;][et_pb_text _builder_version=&#8221;4.27.0&#8243; _module_preset=&#8221;5611e52d-b3bf-4b05-81e4-e9ddade2e17b&#8221; text_font=&#8221;||||||||&#8221; text_text_color=&#8221;#393939&#8243; text_font_size=&#8221;20px&#8221; text_line_height=&#8221;1.4em&#8221; link_font=&#8221;Marat Sans Light||||||||&#8221; link_text_color=&#8221;#393939&#8243; header_3_font=&#8221;Marat Sans Medium||||||||&#8221; hover_enabled=&#8221;0&#8243; text_font_size_tablet=&#8221;20px&#8221; text_font_size_phone=&#8221;16px&#8221; text_font_size_last_edited=&#8221;on|tablet&#8221; global_colors_info=&#8221;{}&#8221; theme_builder_area=&#8221;post_content&#8221; sticky_enabled=&#8221;0&#8243;]<\/p>\n<p>\u300bBalcony facing Alleestra\u00dfe<br \/>\u300bCozy corner bench group<br \/>\u300bDrinking fountain with Grander water<br \/>\u300bTea bar<br \/>\u300bNespresso machine<br \/>\u300bDouble bed (180x210cm)<br \/>\u300bSecond bedroom with bunk bed (80x190cm each)<br \/>\u300bSemi-open bathroom concept with rain shower &amp; separate WC<br \/>\u300bWarm oak wood floor &amp; natural materials<\/p>\n<p>A groundwater heat pump is installed in the Werdenfelserei, which airconditions all studios &amp; suites as well as the guest rooms in summer and heats them in winter.<\/p>\n<p>[\/et_pb_text][\/et_pb_column][\/et_pb_row][et_pb_row column_structure=&#8221;1_2,1_2&#8243; use_custom_gutter=&#8221;on&#8221; gutter_width=&#8221;2&#8243; _builder_version=&#8221;4.24.0&#8243; _module_preset=&#8221;default&#8221; width=&#8221;100%&#8221; max_width=&#8221;80%&#8221; max_width_tablet=&#8221;60%&#8221; max_width_phone=&#8221;80%&#8221; max_width_last_edited=&#8221;on|phone&#8221; custom_margin=&#8221;0px||0px||false|false&#8221; custom_padding=&#8221;100px||0px||false|false&#8221; global_colors_info=&#8221;{}&#8221; theme_builder_area=&#8221;post_content&#8221;][et_pb_column type=&#8221;1_2&#8243; _builder_version=&#8221;4.21.0&#8243; _module_preset=&#8221;default&#8221; global_colors_info=&#8221;{}&#8221; theme_builder_area=&#8221;post_content&#8221;][et_pb_image src=&#8221;https:\/\/www.werdenfelserei.de\/wp-content\/uploads\/2024\/03\/202403-werdenfelserei-studio-m-1-2-min.jpg&#8221; title_text=&#8221;202403-werdenfelserei-studio-m-1-2-min&#8221; _builder_version=&#8221;4.24.3&#8243; _module_preset=&#8221;default&#8221; global_colors_info=&#8221;{}&#8221; theme_builder_area=&#8221;post_content&#8221;][\/et_pb_image][et_pb_image src=&#8221;https:\/\/www.werdenfelserei.de\/wp-content\/uploads\/2024\/03\/202403-werdenfelserei-studio-m-3-min.jpg&#8221; title_text=&#8221;202403-werdenfelserei-studio-m-3-min&#8221; _builder_version=&#8221;4.24.3&#8243; _module_preset=&#8221;default&#8221; global_colors_info=&#8221;{}&#8221; theme_builder_area=&#8221;post_content&#8221;][\/et_pb_image][\/et_pb_column][et_pb_column type=&#8221;1_2&#8243; _builder_version=&#8221;4.21.0&#8243; _module_preset=&#8221;default&#8221; global_colors_info=&#8221;{}&#8221; theme_builder_area=&#8221;post_content&#8221;][et_pb_image src=&#8221;https:\/\/www.werdenfelserei.de\/wp-content\/uploads\/2024\/03\/202403-werdenfelserei-studio-m-4-min.jpg&#8221; title_text=&#8221;202403-werdenfelserei-studio-m-4-min&#8221; _builder_version=&#8221;4.24.3&#8243; _module_preset=&#8221;default&#8221; global_colors_info=&#8221;{}&#8221; theme_builder_area=&#8221;post_content&#8221;][\/et_pb_image][et_pb_image src=&#8221;https:\/\/www.werdenfelserei.de\/wp-content\/uploads\/2024\/03\/202403-werdenfelserei-grundriss-zimmer-studio-m.jpg&#8221; title_text=&#8221;202403-werdenfelserei-grundriss-zimmer-studio-m&#8221; _builder_version=&#8221;4.24.3&#8243; _module_preset=&#8221;default&#8221; global_colors_info=&#8221;{}&#8221; theme_builder_area=&#8221;post_content&#8221;][\/et_pb_image][\/et_pb_column][\/et_pb_row][\/et_pb_section]<\/p>\n","protected":false},"excerpt":{"rendered":"<p>Studio M2 adults + 2 children | 35m\u00b2 room size | balcony facing Alleestra\u00dfeOur Studio M is the perfect room for families. And here you have a wonderful mountain view of the Kramer, K\u00f6nigsstand and the St. Martinsh\u00fctte. Here too, as with all our studios &amp; suites, the focus is clearly on wood as a primary building material. Bright and light, Studio M embodies cosiness and natural design. With its 35m\u00b2, Studio M is ideal for 2 adults and 2 children. This studio is perfectly tailored to the needs of families, so that every member of the family can enjoy a wonderful holiday. From the 6m\u00b2 balcony, you can enjoy the sunset behind the impressive Kramer in the evening hours. The cosy corner seating area is perfect for ending the day with an evening of games together. The second bedroom with a cosy bunk bed for the children ensures that adults can stay awake longer and enjoy some privacy. This studio is suitable for two adults and 2 children.\u300bBalcony facing Alleestra\u00dfe\u300bCozy corner bench group\u300bDrinking fountain with Grander water\u300bTea bar\u300bNespresso machine\u300bDouble bed (180x210cm)\u300bSecond bedroom with bunk bed (80x190cm each)\u300bSemi-open bathroom concept with rain shower &amp; separate WC\u300bWarm oak wood floor &amp; [&hellip;]<\/p>\n","protected":false},"author":1,"featured_media":0,"parent":987564404,"menu_order":0,"comment_status":"closed","ping_status":"closed","template":"","meta":{"_et_pb_use_builder":"on","_et_pb_old_content":"","_et_gb_content_width":"","footnotes":""},"class_list":["post-987564539","page","type-page","status-publish","hentry"],"_links":{"self":[{"href":"https:\/\/www.werdenfelserei.de\/en\/wp-json\/wp\/v2\/pages\/987564539","targetHints":{"allow":["GET"]}}],"collection":[{"href":"https:\/\/www.werdenfelserei.de\/en\/wp-json\/wp\/v2\/pages"}],"about":[{"href":"https:\/\/www.werdenfelserei.de\/en\/wp-json\/wp\/v2\/types\/page"}],"author":[{"embeddable":true,"href":"https:\/\/www.werdenfelserei.de\/en\/wp-json\/wp\/v2\/users\/1"}],"replies":[{"embeddable":true,"href":"https:\/\/www.werdenfelserei.de\/en\/wp-json\/wp\/v2\/comments?post=987564539"}],"version-history":[{"count":9,"href":"https:\/\/www.werdenfelserei.de\/en\/wp-json\/wp\/v2\/pages\/987564539\/revisions"}],"predecessor-version":[{"id":987564692,"href":"https:\/\/www.werdenfelserei.de\/en\/wp-json\/wp\/v2\/pages\/987564539\/revisions\/987564692"}],"up":[{"embeddable":true,"href":"https:\/\/www.werdenfelserei.de\/en\/wp-json\/wp\/v2\/pages\/987564404"}],"wp:attachment":[{"href":"https:\/\/www.werdenfelserei.de\/en\/wp-json\/wp\/v2\/media?parent=987564539"}],"curies":[{"name":"wp","href":"https:\/\/api.w.org\/{rel}","templated":true}]}}